{"id":30280,"date":"2025-09-13T13:57:45","date_gmt":"2025-09-13T10:57:45","guid":{"rendered":"https:\/\/pfshoes.gr\/?post_type=product&#038;p=30280"},"modified":"2026-02-04T10:48:31","modified_gmt":"2026-02-04T08:48:31","slug":"mpotakia-chelsea-tamaris-1-25355-43-001-mafro","status":"publish","type":"product","link":"https:\/\/pfshoes.gr\/en\/product\/mpotakia-chelsea-tamaris-1-25355-43-001-mafro\/","title":{"rendered":"\u039c\u03c0\u03bf\u03c4\u03ac\u03ba\u03b9\u03b1  Chelsea  Tamaris 1-25378-45-001 \u039c\u0391\u03a5\u03a1\u039f"},"content":{"rendered":"<p><img decoding=\"async\" src=\"https:\/\/www.myshoe.gr\/Articles\/Images\/tmrs.png\" alt=\"Tamaris\" \/><\/p>\n<p><img decoding=\"async\" class=\"\" src=\"https:\/\/tamaris.com\/on\/demandware.static\/-\/Library-Sites-Library-Wortmann\/default\/dw3fe12e37\/2_touchit_icon.png\" width=\"114\" height=\"57\" \/><\/p>\n<p>&nbsp;<\/p>\n<p>&nbsp;<\/p>\n<p>&nbsp;<\/p>\n<div class=\"attribute\"><\/div>","protected":false},"excerpt":{"rendered":"<div class=\"benefit-text\">\n<div class=\"cms-element-title\">\n<div class=\"h2 mb-4\"><\/div>\n<div><img decoding=\"async\" src=\"https:\/\/www.myshoe.gr\/Articles\/Images\/tmrs.png\" alt=\"Tamaris\" \/><\/div>\n<div>\n<div class=\"product-detail-inner px-3 px-lg-0\">\n<div class=\"product-content\" data-crproduct=\"productdetail\">\n<section class=\"d-flex flex-column gap-2 mt-4 mt-lg-4.5 px-lg-4.5 px-xl-6\">\n<div id=\"product-description\" class=\"text-m text-lg-l font-weight-500 w-lg-4\/5\">\n<div class=\"text-truncated-container\" aria-expanded=\"true\" aria-label=\"Click to view full details\">\n<div class=\"product-detail-inner px-3 px-lg-0\">\n<div class=\"product-content\" data-crproduct=\"productdetail\">\n<section class=\"d-flex flex-column gap-2 mt-4 mt-lg-4.5 px-lg-4.5 px-xl-6\">\n<div id=\"product-description\" class=\"text-m text-lg-l font-weight-500 w-lg-4\/5\">\n<div class=\"text-truncated-container\" aria-expanded=\"true\" aria-label=\"Click to view full details\">\n<div class=\"product-detail-inner px-3 px-lg-0\">\n<div class=\"product-content\" data-crproduct=\"productdetail\">\n<section class=\"d-flex flex-column gap-2 mt-4 mt-lg-4.5 px-lg-4.5 px-xl-6\">\n<div id=\"product-description\" class=\"text-m text-lg-l font-weight-500 w-lg-4\/5\">\n<div class=\"text-truncated-container\" aria-expanded=\"false\" aria-label=\"\u039a\u03ac\u03bd\u03c4\u03b5 \u03ba\u03bb\u03b9\u03ba \u03b3\u03b9\u03b1 \u03bd\u03b1 \u03b4\u03b5\u03af\u03c4\u03b5 \u03cc\u03bb\u03b5\u03c2 \u03c4\u03b9\u03c2 \u03bb\u03b5\u03c0\u03c4\u03bf\u03bc\u03ad\u03c1\u03b5\u03b9\u03b5\u03c2\"><span class=\"text-truncated\" data-description-text=\"Mit den Chelsea Boots von Tamaris Essentials wird jeder deiner Wege l\u00e4ssig und chic zugleich. Der stabile Blockabsatz schenkt Halt, w\u00e4hrend elastische Eins\u00e4tze und die praktische Schlaufe das Anziehen kinderleicht machen. Die flache, strukturierte Sohle sorgt f\u00fcr Komfort bei all deinen t\u00e4glichen Abenteuern \u2013 sei es auf Herbstspazierg\u00e4ngen oder beim Stadtbummel. In Gr\u00f6\u00dfen von 36 bis 42 findest du dein passendes Paar f\u00fcr individuelle Looks voller Leichtigkeit, jeden Tag aufs Neue.\"><span dir=\"auto\">\u039c\u03b5 \u03b1\u03c5\u03c4\u03ad\u03c2 \u03c4\u03b9\u03c2 \u03bc\u03c0\u03cc\u03c4\u03b5\u03c2 Chelsea \u03b1\u03c0\u03cc \u03c4\u03b7\u03bd Tamaris Essentials, \u03ba\u03ac\u03b8\u03b5 \u03b2\u03ae\u03bc\u03b1 \u03c3\u03b1\u03c2 \u03b8\u03b1 \u03b5\u03af\u03bd\u03b1\u03b9 \u03c4\u03b1\u03c5\u03c4\u03cc\u03c7\u03c1\u03bf\u03bd\u03b1 casual \u03ba\u03b1\u03b9 \u03ba\u03bf\u03bc\u03c8\u03cc. \u03a4\u03bf \u03c3\u03c4\u03b9\u03b2\u03b1\u03c1\u03cc, \u03bc\u03c0\u03bb\u03bf\u03ba \u03c4\u03b1\u03ba\u03bf\u03cd\u03bd\u03b9 \u03c0\u03b1\u03c1\u03ad\u03c7\u03b5\u03b9 \u03c3\u03c4\u03ae\u03c1\u03b9\u03be\u03b7, \u03b5\u03bd\u03ce \u03c4\u03b1 \u03b5\u03bb\u03b1\u03c3\u03c4\u03b9\u03ba\u03ac \u03ad\u03bd\u03b8\u03b5\u03c4\u03b1 \u03ba\u03b1\u03b9 \u03b7 \u03c0\u03c1\u03b1\u03ba\u03c4\u03b9\u03ba\u03ae \u03b8\u03b7\u03bb\u03b9\u03ac \u03ba\u03ac\u03bd\u03bf\u03c5\u03bd \u03c4\u03b7\u03bd \u03b5\u03c6\u03b1\u03c1\u03bc\u03bf\u03b3\u03ae \u03c4\u03bf\u03c5\u03c2 \u03c0\u03b1\u03b9\u03c7\u03bd\u03b9\u03b4\u03ac\u03ba\u03b9. \u039f\u03b9 \u03b5\u03c0\u03af\u03c0\u03b5\u03b4\u03b5\u03c2, \u03b4\u03bf\u03bc\u03b7\u03bc\u03ad\u03bd\u03b5\u03c2\u00a0<\/span><a class=\"description-show-more text-decoration-underline\" role=\"button\" href=\"https:\/\/tamaris.com\/el-GR\/mpota-tupou-tselsi---mauro\/1-25378-45-001.html#\" aria-expanded=\"false\" aria-controls=\"full-description\"><span dir=\"auto\">&#8230;<\/span><\/a><\/span><\/div>\n<\/div>\n<\/section>\n<\/div>\n<div class=\"mt-4\">\n<div id=\"product-information\">\n<div class=\"informations-horizontal bg-gray-000 py-4 px-lg-4.5 px-xl-6 d-none d-lg-flex justify-content-between align-items-center\">\n<p>&nbsp;<\/p>\n<\/div>\n<\/div>\n<\/div>\n<\/div>\n<div class=\"d-flex flex-column gap-4 gap-lg-4.5 py-lg-4.5 mt-2 mt-lg-4.5\">\n<div class=\"product-info-bar-end px-lg-4.5 px-xl-6\">\n<div class=\"pdp-tamaris-top\"><\/div>\n<div class=\"pdp-product-recommendations bloomreach-recommendations fetched collapse show\" data-context=\"pdp\" data-bloomreach-products=\"undefined,undefined,undefined,undefined,undefined,undefined,undefined,undefined\" data-count=\"8\">\n<h2 class=\"reco-bloomreach-title p-3 px-lg-0 py-lg-4.5\"><img decoding=\"async\" class=\"benefit-img\" style=\"font-size: 16px;font-style: inherit;font-weight: inherit\" src=\"https:\/\/www.b2b-tamaris.com\/media\/1250x1250\/d8\/b8\/b3\/1678871807\/1250x1250px_Benefit_Icons_B2B_5.jpg?ts=1678871807\" width=\"109\" height=\"109\" \/><\/h2>\n<\/div>\n<\/div>\n<\/div>\n<\/div>\n<\/div>\n<\/section>\n<\/div>\n<\/div>\n<\/div>\n<\/div>\n<\/section>\n<\/div>\n<\/div>\n<\/div>\n<div>\n<div class=\"cms-element-title\">\n<div class=\"h2 mb-4\">\n<div class=\"base-slider cms-benfits-slider js-slider-initialized\" data-base-slider=\"true\" data-base-slider-options=\"{&quot;slider&quot;:{&quot;cssMode&quot;:true,&quot;freeMode&quot;:false,&quot;loop&quot;:false,&quot;navigation&quot;:true,&quot;pagination&quot;:false,&quot;slidesPerView&quot;:&quot;auto&quot;,&quot;spaceBetween&quot;:35}}\">\n<div class=\"base-slider-element initialized swiper-container-initialized swiper-container-horizontal swiper-container-pointer-events swiper-container-css-mode\" data-base-slider-element=\"true\">\n<div class=\"cms-benfits-slider-container swiper-wrapper\" data-base-slider-container=\"true\">\n<div class=\"benefits-slider-item swiper-slide swiper-slide-active\">\n<div class=\"benefit-text\">\n<div>\n<p align=\"justify\"><span dir=\"auto\">\u0393\u03b9\u03b1 \u03bc\u03ad\u03b3\u03b9\u03c3\u03c4\u03b7 \u03ac\u03bd\u03b5\u03c3\u03b7 \u03ba\u03b1\u03c4\u03ac \u03c4\u03b7 \u03c7\u03c1\u03ae\u03c3\u03b7: \u03c4\u03bf \u03bc\u03b1\u03bb\u03b1\u03ba\u03cc \u03c0\u03ad\u03bb\u03bc\u03b1 \u03c0\u03c1\u03bf\u03c3\u03b1\u03c1\u03bc\u03cc\u03b6\u03b5\u03c4\u03b1\u03b9 \u03c3\u03c4\u03bf \u03c6\u03c5\u03c3\u03b9\u03ba\u03cc \u03c3\u03c7\u03ae\u03bc\u03b1 \u03c4\u03bf\u03c5 \u03c0\u03bf\u03b4\u03b9\u03bf\u03cd.<\/span><\/p>\n<\/div>\n<\/div>\n<\/div>\n<div class=\"benefits-slider-item swiper-slide swiper-slide-next\">\n<div class=\"benefit-media\"><img decoding=\"async\" class=\"benefit-img\" src=\"https:\/\/www.b2b-tamaris.com\/media\/1250x1250\/d7\/88\/d5\/1678871808\/1250x1250px_Benefit_Icons_B2B_28.jpg?ts=1678871808\" width=\"163\" height=\"163\" \/><\/div>\n<div class=\"benefit-text\">\n<p><span class=\"benefit-title\"><strong><span dir=\"auto\">\u0392\u0395\u0393\u039a\u0391\u039d<\/span><\/strong><\/span><\/p>\n<div><\/div>\n<\/div>\n<\/div>\n<div class=\"benefits-slider-item swiper-slide\">\n<div class=\"benefit-media\"><\/div>\n<div class=\"benefit-text\">\n<div>\n<p align=\"justify\"><span dir=\"auto\">\u0393\u03b9\u03b1 \u03ba\u03b1\u03bb\u03cd\u03c4\u03b5\u03c1\u03bf \u03ba\u03c1\u03ac\u03c4\u03b7\u03bc\u03b1 \u03c3\u03c4\u03b9\u03c2 \u03c6\u03c4\u03ad\u03c1\u03bd\u03b5\u03c2: \u03c0\u03b1\u03c4\u03b5\u03bd\u03c4\u03b1\u03c1\u03b9\u03c3\u03bc\u03ad\u03bd\u03bf \u03b1\u03bd\u03c4\u03b9\u03bf\u03bb\u03b9\u03c3\u03b8\u03b7\u03c4\u03b9\u03ba\u03cc \u03ad\u03bc\u03c0\u03bb\u03b1\u03c3\u03c4\u03c1\u03bf \u03c6\u03c4\u03ad\u03c1\u03bd\u03b1\u03c2.<\/span><\/p>\n<\/div>\n<\/div>\n<\/div>\n<div class=\"benefits-slider-item swiper-slide\">\n<div class=\"benefit-media\"><\/div>\n<div class=\"benefit-text\">\n<div>\n<p align=\"justify\"><span dir=\"auto\">.<\/span><\/p>\n<\/div>\n<\/div>\n<\/div>\n<\/div>\n<\/div>\n<\/div>\n<\/div>\n<\/div>\n<\/div>\n<\/div>\n<div class=\"base-slider cms-benfits-slider js-slider-initialized\" data-base-slider=\"true\" data-base-slider-options=\"{&quot;slider&quot;:{&quot;cssMode&quot;:true,&quot;freeMode&quot;:false,&quot;loop&quot;:false,&quot;navigation&quot;:true,&quot;pagination&quot;:false,&quot;slidesPerView&quot;:&quot;auto&quot;,&quot;spaceBetween&quot;:35}}\">\n<div class=\"base-slider-element initialized swiper-container-initialized swiper-container-horizontal swiper-container-pointer-events swiper-container-css-mode\" data-base-slider-element=\"true\">\n<div class=\"cms-benfits-slider-container swiper-wrapper\" data-base-slider-container=\"true\">\n<div class=\"benefits-slider-item swiper-slide swiper-slide-next\">\n<div class=\"base-slider cms-benfits-slider js-slider-initialized\" data-base-slider=\"true\" data-base-slider-options=\"{&quot;slider&quot;:{&quot;cssMode&quot;:true,&quot;freeMode&quot;:false,&quot;loop&quot;:false,&quot;navigation&quot;:true,&quot;pagination&quot;:false,&quot;slidesPerView&quot;:&quot;auto&quot;,&quot;spaceBetween&quot;:35}}\">\n<div class=\"base-slider-element initialized swiper-container-initialized swiper-container-horizontal swiper-container-pointer-events swiper-container-css-mode\" data-base-slider-element=\"true\">\n<div class=\"cms-benfits-slider-container swiper-wrapper\" data-base-slider-container=\"true\">\n<div class=\"benefits-slider-item swiper-slide swiper-slide-active\">\n<div>\n<div class=\"product-info horizontal\">\n<div class=\"informations-horizontal\">\n<div class=\"nav-content\">\n<div id=\"product-tab-content-reviews-info\" class=\"section-content loaded\">\n<div class=\"product-review\" data-pid=\"1-25377-41-001\">\n<div id=\"tt-reviews-summary\" data-v-app=\"\">\n<div class=\"tt-w-reviews-summary\">\n<div class=\"tt-c-reviews-summary__no-reivews\">\n<div class=\"tt-c-reviews-summary__no-reivews-body tt-u-spacing--md\">\n<div class=\"tt-c-rating tt-c-rating--actionable\">\n<div class=\"product-detail-inner px-3 px-lg-0\">\n<div class=\"product-content\" data-crproduct=\"productdetail\">\n<section class=\"d-flex flex-column gap-2 mt-4 mt-lg-4.5 px-lg-4.5 px-xl-6\">\n<div class=\"base-slider cms-benfits-slider js-slider-initialized\" data-base-slider=\"true\" data-base-slider-options=\"{&quot;slider&quot;:{&quot;cssMode&quot;:true,&quot;freeMode&quot;:false,&quot;loop&quot;:false,&quot;navigation&quot;:true,&quot;pagination&quot;:false,&quot;slidesPerView&quot;:&quot;auto&quot;,&quot;spaceBetween&quot;:35}}\">\n<div class=\"base-slider-element initialized swiper-container-initialized swiper-container-horizontal swiper-container-pointer-events swiper-container-css-mode\" data-base-slider-element=\"true\">\n<div class=\"cms-benfits-slider-container swiper-wrapper\" data-base-slider-container=\"true\">\n<div class=\"benefits-slider-item swiper-slide\">\n<div class=\"benefit-text\">\n<div><\/div>\n<\/div>\n<\/div>\n<\/div>\n<\/div>\n<\/div>\n<\/section>\n<\/div>\n<\/div>\n<\/div>\n<\/div>\n<\/div>\n<\/div>\n<\/div>\n<\/div>\n<\/div>\n<\/div>\n<\/div>\n<\/div>\n<\/div>\n<\/div>\n<\/div>\n<\/div>\n<\/div>\n<\/div>\n<\/div>\n<\/div>\n<\/div>\n<div class=\"base-slider cms-benfits-slider js-slider-initialized\" data-base-slider=\"true\" data-base-slider-options=\"{&quot;slider&quot;:{&quot;cssMode&quot;:true,&quot;freeMode&quot;:false,&quot;loop&quot;:false,&quot;navigation&quot;:true,&quot;pagination&quot;:false,&quot;slidesPerView&quot;:&quot;auto&quot;,&quot;spaceBetween&quot;:35}}\">\n<div class=\"base-slider-element initialized swiper-container-initialized swiper-container-horizontal swiper-container-pointer-events swiper-container-css-mode\" data-base-slider-element=\"true\">\n<div class=\"cms-benfits-slider-container swiper-wrapper\" data-base-slider-container=\"true\">\n<div class=\"benefits-slider-item swiper-slide\">\n<div class=\"benefit-text\">\n<p align=\"justify\">\n<\/div>\n<\/div>\n<\/div>\n<\/div>\n<\/div>\n<\/div>","protected":false},"featured_media":30288,"comment_status":"open","ping_status":"closed","template":"","meta":{"site-sidebar-layout":"default","site-content-layout":"","ast-site-content-layout":"default","site-content-style":"default","site-sidebar-style":"default","ast-global-header-display":"","ast-banner-title-visibility":"","ast-main-header-display":"","ast-hfb-above-header-display":"","ast-hfb-below-header-display":"","ast-hfb-mobile-header-display":"","site-post-title":"","ast-breadcrumbs-content":"","ast-featured-img":"","footer-sml-layout":"","theme-transparent-header-meta":"default","adv-header-id-meta":"","stick-header-meta":"","header-above-stick-meta":"","header-main-stick-meta":"","header-below-stick-meta":"","astra-migrate-meta-layouts":"set","ast-page-background-enabled":"default","ast-page-background-meta":{"desktop":{"background-color":"","background-image":"","background-repeat":"repeat","background-position":"center center","background-size":"auto","background-attachment":"scroll","background-type":"","background-media":"","overlay-type":"","overlay-color":"","overlay-opacity":"","overlay-gradient":""},"tablet":{"background-color":"","background-image":"","background-repeat":"repeat","background-position":"center center","background-size":"auto","background-attachment":"scroll","background-type":"","background-media":"","overlay-type":"","overlay-color":"","overlay-opacity":"","overlay-gradient":""},"mobile":{"background-color":"","background-image":"","background-repeat":"repeat","background-position":"center center","background-size":"auto","background-attachment":"scroll","background-type":"","background-media":"","overlay-type":"","overlay-color":"","overlay-opacity":"","overlay-gradient":""}},"ast-content-background-meta":{"desktop":{"background-color":"var(--ast-global-color-5)","background-image":"","background-repeat":"repeat","background-position":"center center","background-size":"auto","background-attachment":"scroll","background-type":"","background-media":"","overlay-type":"","overlay-color":"","overlay-opacity":"","overlay-gradient":""},"tablet":{"background-color":"var(--ast-global-color-5)","background-image":"","background-repeat":"repeat","background-position":"center center","background-size":"auto","background-attachment":"scroll","background-type":"","background-media":"","overlay-type":"","overlay-color":"","overlay-opacity":"","overlay-gradient":""},"mobile":{"background-color":"var(--ast-global-color-5)","background-image":"","background-repeat":"repeat","background-position":"center center","background-size":"auto","background-attachment":"scroll","background-type":"","background-media":"","overlay-type":"","overlay-color":"","overlay-opacity":"","overlay-gradient":""}}},"product_brand":[],"product_cat":[52,59],"product_tag":[137,104],"class_list":{"0":"post-30280","1":"product","2":"type-product","3":"status-publish","4":"has-post-thumbnail","6":"product_cat-casual-gynaikeia","7":"product_cat-mpotakia-gynaikeia","8":"product_tag-new","9":"product_tag-tamaris","10":"pa_brands-tamaris","11":"pa_color-77","12":"pa_form-normal","13":"pa_material-vegan","14":"pa_season-fthinoporo","15":"pa_season-himonas","16":"pa_size-87","17":"pa_size-88","18":"pa_size-89","19":"pa_size-90","20":"pa_size-91","21":"pa_size-92","22":"pa_takouni-cm-2cm","23":"desktop-align-left","24":"tablet-align-left","25":"mobile-align-left","27":"first","28":"instock","29":"sale","30":"shipping-taxable","31":"purchasable","32":"product-type-variable"},"_links":{"self":[{"href":"https:\/\/pfshoes.gr\/en\/wp-json\/wp\/v2\/product\/30280","targetHints":{"allow":["GET"]}}],"collection":[{"href":"https:\/\/pfshoes.gr\/en\/wp-json\/wp\/v2\/product"}],"about":[{"href":"https:\/\/pfshoes.gr\/en\/wp-json\/wp\/v2\/types\/product"}],"replies":[{"embeddable":true,"href":"https:\/\/pfshoes.gr\/en\/wp-json\/wp\/v2\/comments?post=30280"}],"version-history":[{"count":3,"href":"https:\/\/pfshoes.gr\/en\/wp-json\/wp\/v2\/product\/30280\/revisions"}],"predecessor-version":[{"id":30998,"href":"https:\/\/pfshoes.gr\/en\/wp-json\/wp\/v2\/product\/30280\/revisions\/30998"}],"wp:featuredmedia":[{"embeddable":true,"href":"https:\/\/pfshoes.gr\/en\/wp-json\/wp\/v2\/media\/30288"}],"wp:attachment":[{"href":"https:\/\/pfshoes.gr\/en\/wp-json\/wp\/v2\/media?parent=30280"}],"wp:term":[{"taxonomy":"product_brand","embeddable":true,"href":"https:\/\/pfshoes.gr\/en\/wp-json\/wp\/v2\/product_brand?post=30280"},{"taxonomy":"product_cat","embeddable":true,"href":"https:\/\/pfshoes.gr\/en\/wp-json\/wp\/v2\/product_cat?post=30280"},{"taxonomy":"product_tag","embeddable":true,"href":"https:\/\/pfshoes.gr\/en\/wp-json\/wp\/v2\/product_tag?post=30280"}],"curies":[{"name":"wp","href":"https:\/\/api.w.org\/{rel}","templated":true}]}}