{"id":28039,"date":"2025-03-19T13:02:35","date_gmt":"2025-03-19T11:02:35","guid":{"rendered":"https:\/\/pfshoes.gr\/?post_type=product&#038;p=28039"},"modified":"2025-09-30T10:10:06","modified_gmt":"2025-09-30T07:10:06","slug":"dermatines-platformes-me-schedio-tamaris-1-28712-42-003-mafro","status":"publish","type":"product","link":"https:\/\/pfshoes.gr\/en\/product\/dermatines-platformes-me-schedio-tamaris-1-28712-42-003-mafro\/","title":{"rendered":"\u0394\u03b5\u03c1\u03bc\u03ac\u03c4\u03b9\u03bd\u03b5\u03c2 \u03a0\u03bb\u03b1\u03c4\u03c6\u03cc\u03c1\u03bc\u03b5\u03c2 \u03bc\u03b5 \u03a3\u03c7\u03ad\u03b4\u03b9\u03bf Tamaris 1-28712-42-003 \u039c\u0391\u03a5\u03a1\u039f"},"content":{"rendered":"","protected":false},"excerpt":{"rendered":"<p>&nbsp;<\/p>\n<p><img decoding=\"async\" src=\"https:\/\/www.myshoe.gr\/Articles\/Images\/tmrs.png\" alt=\"Tamaris\" \/><\/p>\n<div class=\"base-slider cms-benfits-slider js-slider-initialized\" data-base-slider=\"true\" data-base-slider-options=\"{&quot;slider&quot;:{&quot;cssMode&quot;:true,&quot;freeMode&quot;:false,&quot;loop&quot;:false,&quot;navigation&quot;:true,&quot;pagination&quot;:false,&quot;slidesPerView&quot;:&quot;auto&quot;,&quot;spaceBetween&quot;:35}}\">\n<div class=\"base-slider-element initialized swiper-container-initialized swiper-container-horizontal swiper-container-pointer-events swiper-container-css-mode\" data-base-slider-element=\"true\">\n<div class=\"cms-benfits-slider-container swiper-wrapper\" data-base-slider-container=\"true\">\n<div class=\"benefits-slider-item swiper-slide swiper-slide-active\">\n<div class=\"benefit-text\">\n<div class=\"cms-element-title\">\n<div class=\"h2 mb-4\">\n<p>\u03a4\u03b9 \u03ba\u03ac\u03bd\u03b5\u03b9 \u03c4\u03bf<\/p>\n<h1 class=\"product-detail-name\">1-28712-42-003<\/h1>\n<p>\u03be\u03b5\u03c7\u03c9\u03c1\u03b9\u03c3\u03c4\u03cc;<\/p>\n<\/div>\n<\/div>\n<div class=\"base-slider cms-benfits-slider js-slider-initialized\" data-base-slider=\"true\" data-base-slider-options=\"{&quot;slider&quot;:{&quot;cssMode&quot;:true,&quot;freeMode&quot;:false,&quot;loop&quot;:false,&quot;navigation&quot;:true,&quot;pagination&quot;:false,&quot;slidesPerView&quot;:&quot;auto&quot;,&quot;spaceBetween&quot;:35}}\">\n<div class=\"base-slider-element initialized swiper-container-initialized swiper-container-horizontal swiper-container-pointer-events swiper-container-css-mode\" data-base-slider-element=\"true\">\n<div class=\"cms-benfits-slider-container swiper-wrapper\" data-base-slider-container=\"true\">\n<div class=\"benefits-slider-item swiper-slide swiper-slide-active\">\n<div class=\"benefit-media\"><img decoding=\"async\" class=\"benefit-img\" src=\"https:\/\/www.b2b-tamaris.com\/media\/1250x1250\/e1\/45\/cb\/1678871808\/1250x1250px_Benefit_Icons_B2B_8.jpg\" width=\"129\" height=\"129\" \/><\/div>\n<div class=\"benefit-text\">\n<div>\n<p align=\"justify\">\u039c\u03b5 \u03c4\u03b1 \u03c5\u03c8\u03b7\u03bb\u03cc\u03c4\u03b5\u03c1\u03b1 \u03c0\u03c1\u03cc\u03c4\u03c5\u03c0\u03b1 \u03c0\u03bf\u03b9\u03cc\u03c4\u03b7\u03c4\u03b1\u03c2: \u03b1\u03c5\u03c4\u03cc \u03c4\u03bf \u03c0\u03b1\u03c0\u03bf\u03cd\u03c4\u03c3\u03b9 \u03b5\u03af\u03bd\u03b1\u03b9 \u03ba\u03b1\u03c4\u03b1\u03c3\u03ba\u03b5\u03c5\u03b1\u03c3\u03bc\u03ad\u03bd\u03bf \u03b1\u03c0\u03cc \u03c6\u03c5\u03c3\u03b9\u03ba\u03cc \u03c0\u03c1\u03bf\u03ca\u03cc\u03bd \u03b4\u03ad\u03c1\u03bc\u03b1.<\/p>\n<\/div>\n<\/div>\n<\/div>\n<div class=\"benefits-slider-item swiper-slide swiper-slide-next\">\n<div class=\"benefit-media\"><img decoding=\"async\" class=\"benefit-img\" src=\"https:\/\/www.b2b-tamaris.com\/media\/1250x1250\/d8\/b8\/b3\/1678871807\/1250x1250px_Benefit_Icons_B2B_5.jpg\" width=\"100\" height=\"100\" \/><\/div>\n<div class=\"benefit-text\">\n<div>\n<p align=\"justify\">\u0393\u03b9\u03b1 \u03b2\u03ad\u03bb\u03c4\u03b9\u03c3\u03c4\u03b7 \u03ac\u03bd\u03b5\u03c3\u03b7: \u03a4\u03bf \u03bc\u03b1\u03bb\u03b1\u03ba\u03cc \u03c0\u03ad\u03bb\u03bc\u03b1 \u03c0\u03c1\u03bf\u03c3\u03b1\u03c1\u03bc\u03cc\u03b6\u03b5\u03c4\u03b1\u03b9 \u03c3\u03c4\u03bf \u03c6\u03c5\u03c3\u03b9\u03ba\u03cc \u03c3\u03c7\u03ae\u03bc\u03b1 \u03c4\u03bf\u03c5 \u03c0\u03bf\u03b4\u03b9\u03bf\u03cd.<\/p>\n<\/div>\n<\/div>\n<\/div>\n<\/div>\n<\/div>\n<\/div>\n<\/div>\n<\/div>\n<div class=\"benefits-slider-item swiper-slide swiper-slide-next\"><img decoding=\"async\" class=\"\" style=\"font-style: inherit;font-weight: inherit\" src=\"https:\/\/encrypted-tbn0.gstatic.com\/images?q=tbn:ANd9GcQip2NHo4DQx5AdrAR5lxe627S4n7GaOIc78kmZr4Q3SSUMYPwCaLw7uLcWIA5YDgP30SA&amp;usqp=CAU\" alt=\"Sklep sekera kabel tamaris touch it feel soft Za rozb\u0159esku n\u00e1r\u016fst Poradce\" width=\"176\" height=\"176\" \/><\/div>\n<\/div>\n<\/div>\n<\/div>\n<p>&nbsp;<\/p>\n<p>&nbsp;<\/p>\n<p>&nbsp;<\/p>\n<p>&nbsp;<\/p>","protected":false},"featured_media":28047,"comment_status":"open","ping_status":"closed","template":"","meta":{"site-sidebar-layout":"default","site-content-layout":"","ast-site-content-layout":"default","site-content-style":"default","site-sidebar-style":"default","ast-global-header-display":"","ast-banner-title-visibility":"","ast-main-header-display":"","ast-hfb-above-header-display":"","ast-hfb-below-header-display":"","ast-hfb-mobile-header-display":"","site-post-title":"","ast-breadcrumbs-content":"","ast-featured-img":"","footer-sml-layout":"","theme-transparent-header-meta":"default","adv-header-id-meta":"","stick-header-meta":"","header-above-stick-meta":"","header-main-stick-meta":"","header-below-stick-meta":"","astra-migrate-meta-layouts":"set","ast-page-background-enabled":"default","ast-page-background-meta":{"desktop":{"background-color":"","background-image":"","background-repeat":"repeat","background-position":"center center","background-size":"auto","background-attachment":"scroll","background-type":"","background-media":"","overlay-type":"","overlay-color":"","overlay-opacity":"","overlay-gradient":""},"tablet":{"background-color":"","background-image":"","background-repeat":"repeat","background-position":"center center","background-size":"auto","background-attachment":"scroll","background-type":"","background-media":"","overlay-type":"","overlay-color":"","overlay-opacity":"","overlay-gradient":""},"mobile":{"background-color":"","background-image":"","background-repeat":"repeat","background-position":"center center","background-size":"auto","background-attachment":"scroll","background-type":"","background-media":"","overlay-type":"","overlay-color":"","overlay-opacity":"","overlay-gradient":""}},"ast-content-background-meta":{"desktop":{"background-color":"var(--ast-global-color-5)","background-image":"","background-repeat":"repeat","background-position":"center center","background-size":"auto","background-attachment":"scroll","background-type":"","background-media":"","overlay-type":"","overlay-color":"","overlay-opacity":"","overlay-gradient":""},"tablet":{"background-color":"var(--ast-global-color-5)","background-image":"","background-repeat":"repeat","background-position":"center center","background-size":"auto","background-attachment":"scroll","background-type":"","background-media":"","overlay-type":"","overlay-color":"","overlay-opacity":"","overlay-gradient":""},"mobile":{"background-color":"var(--ast-global-color-5)","background-image":"","background-repeat":"repeat","background-position":"center center","background-size":"auto","background-attachment":"scroll","background-type":"","background-media":"","overlay-type":"","overlay-color":"","overlay-opacity":"","overlay-gradient":""}}},"product_brand":[],"product_cat":[52,60,61,74],"product_tag":[137,104],"class_list":{"0":"post-28039","1":"product","2":"type-product","3":"status-publish","4":"has-post-thumbnail","6":"product_cat-casual-gynaikeia","7":"product_cat-pedila-gynaikeia","8":"product_cat-platformes","9":"product_cat-sandalia-gynaikeia","10":"product_tag-new","11":"product_tag-tamaris","12":"pa_brands-tamaris","13":"pa_color-77","14":"pa_form-normal","15":"pa_material-derma","16":"pa_season-anixi","17":"pa_season-kalokeri","18":"pa_size-87","19":"pa_size-88","20":"pa_size-89","21":"pa_size-90","22":"pa_size-91","23":"pa_size-92","24":"pa_takouni-cm-6-5cm","25":"desktop-align-left","26":"tablet-align-left","27":"mobile-align-left","29":"first","30":"instock","31":"sale","32":"shipping-taxable","33":"purchasable","34":"product-type-variable"},"_links":{"self":[{"href":"https:\/\/pfshoes.gr\/en\/wp-json\/wp\/v2\/product\/28039","targetHints":{"allow":["GET"]}}],"collection":[{"href":"https:\/\/pfshoes.gr\/en\/wp-json\/wp\/v2\/product"}],"about":[{"href":"https:\/\/pfshoes.gr\/en\/wp-json\/wp\/v2\/types\/product"}],"replies":[{"embeddable":true,"href":"https:\/\/pfshoes.gr\/en\/wp-json\/wp\/v2\/comments?post=28039"}],"version-history":[{"count":3,"href":"https:\/\/pfshoes.gr\/en\/wp-json\/wp\/v2\/product\/28039\/revisions"}],"predecessor-version":[{"id":30774,"href":"https:\/\/pfshoes.gr\/en\/wp-json\/wp\/v2\/product\/28039\/revisions\/30774"}],"wp:featuredmedia":[{"embeddable":true,"href":"https:\/\/pfshoes.gr\/en\/wp-json\/wp\/v2\/media\/28047"}],"wp:attachment":[{"href":"https:\/\/pfshoes.gr\/en\/wp-json\/wp\/v2\/media?parent=28039"}],"wp:term":[{"taxonomy":"product_brand","embeddable":true,"href":"https:\/\/pfshoes.gr\/en\/wp-json\/wp\/v2\/product_brand?post=28039"},{"taxonomy":"product_cat","embeddable":true,"href":"https:\/\/pfshoes.gr\/en\/wp-json\/wp\/v2\/product_cat?post=28039"},{"taxonomy":"product_tag","embeddable":true,"href":"https:\/\/pfshoes.gr\/en\/wp-json\/wp\/v2\/product_tag?post=28039"}],"curies":[{"name":"wp","href":"https:\/\/api.w.org\/{rel}","templated":true}]}}